{"id":741,"date":"2017-12-12T21:03:01","date_gmt":"2017-12-12T19:03:01","guid":{"rendered":"https:\/\/retoeugster.ch\/blog\/?page_id=741"},"modified":"2024-12-27T19:52:30","modified_gmt":"2024-12-27T17:52:30","slug":"about","status":"publish","type":"page","link":"https:\/\/retoeugster.ch\/blog\/about\/","title":{"rendered":"\u00dcber Vorinstanz"},"content":{"rendered":"<p>Dieses Blog <em>Vorinstanz<\/em> ist ein Netznotizbuch von <a href=\"https:\/\/retoeugster.ch\/blog\/retoeugster\/\">Reto Eugster<\/a>. Es enth\u00e4lt lose Gedanken, Unfertiges, <em>Vorinstanzliches <\/em>und widerspiegelt nur gerade meine Interessen und Vorlieben. Es ist Teil meines digitalen Portfolios.<\/p>\n<p>Ein Weblog ist ein Journal, notizartig und vernetzungsintensiv. Die Beitr\u00e4ge sind zeitlich und kategorial gegliedert, skizzenhaft und erheben nicht den Anspruch, literarische Qualit\u00e4t zu bef\u00f6rdern.<\/p>\n<p>Im Zweifelsfall gilt das gesprochene Wort. Diskussion erw\u00fcnscht \u00fcber <a href=\"https:\/\/bsky.app\/profile\/vorinstanz.bsky.social\">Bluesky<\/a> oder <a href=\"https:\/\/social.tchncs.de\/@Vorinstanz\">Mastodon<\/a><\/p>\n\n\n<p><a href=\"https:\/\/retoeugster.ch\/blog\/warumvorinstanz\/\">Weshalb Vorinstanz?<\/a> | <a href=\"https:\/\/retoeugster.ch\/blog\/whats-this\/\" data-type=\"link\" data-id=\"https:\/\/retoeugster.ch\/blog\/whats-this\/\">English<\/a><\/p>\n\n\n<p><!--EndFragment--><\/p>\n\n\n<p><\/p>\n","protected":false},"excerpt":{"rendered":"<p>Dieses Blog Vorinstanz ist ein Netznotizbuch von Reto Eugster. Es enth\u00e4lt lose Gedanken, Unfertiges, Vorinstanzliches und widerspiegelt nur gerade meine Interessen und Vorlieben. Es ist Teil meines digitalen Portfolios. Ein Weblog ist ein Journal, notizartig und vernetzungsintensiv. Die Beitr\u00e4ge sind zeitlich und kategorial gegliedert, skizzenhaft und erheben nicht den Anspruch, literarische Qualit\u00e4t zu bef\u00f6rdern. Im &hellip; <a href=\"https:\/\/retoeugster.ch\/blog\/about\/\" class=\"more-link\"><span class=\"screen-reader-text\">\u00dcber Vorinstanz<\/span> weiterlesen<\/a><\/p>\n","protected":false},"author":1,"featured_media":0,"parent":0,"menu_order":0,"comment_status":"closed","ping_status":"closed","template":"","meta":{"footnotes":""},"class_list":["post-741","page","type-page","status-publish","hentry"],"_links":{"self":[{"href":"https:\/\/retoeugster.ch\/blog\/wp-json\/wp\/v2\/pages\/741","targetHints":{"allow":["GET"]}}],"collection":[{"href":"https:\/\/retoeugster.ch\/blog\/wp-json\/wp\/v2\/pages"}],"about":[{"href":"https:\/\/retoeugster.ch\/blog\/wp-json\/wp\/v2\/types\/page"}],"author":[{"embeddable":true,"href":"https:\/\/retoeugster.ch\/blog\/wp-json\/wp\/v2\/users\/1"}],"replies":[{"embeddable":true,"href":"https:\/\/retoeugster.ch\/blog\/wp-json\/wp\/v2\/comments?post=741"}],"version-history":[{"count":9,"href":"https:\/\/retoeugster.ch\/blog\/wp-json\/wp\/v2\/pages\/741\/revisions"}],"predecessor-version":[{"id":5993,"href":"https:\/\/retoeugster.ch\/blog\/wp-json\/wp\/v2\/pages\/741\/revisions\/5993"}],"wp:attachment":[{"href":"https:\/\/retoeugster.ch\/blog\/wp-json\/wp\/v2\/media?parent=741"}],"curies":[{"name":"wp","href":"https:\/\/api.w.org\/{rel}","templated":true}]}}